{"id":302,"date":"2025-08-19T20:06:31","date_gmt":"2025-08-19T20:06:31","guid":{"rendered":"https:\/\/drittosalon.com\/?page_id=302"},"modified":"2025-08-21T13:42:51","modified_gmt":"2025-08-21T13:42:51","slug":"license","status":"publish","type":"page","link":"https:\/\/drittosalon.com\/br\/license\/","title":{"rendered":"Licen\u00e7a"},"content":{"rendered":"<div data-elementor-type=\"wp-page\" data-elementor-id=\"302\" class=\"elementor elementor-302\" data-elementor-settings=\"{&quot;ha_cmc_init_switcher&quot;:&quot;no&quot;}\" data-elementor-post-type=\"page\">\n\t\t\t\t<div class=\"elementor-element elementor-element-845f5b3 e-flex e-con-boxed wpr-particle-no wpr-jarallax-no wpr-parallax-no wpr-sticky-section-no e-con e-parent\" data-id=\"845f5b3\" data-element_type=\"container\" data-e-type=\"container\" data-settings=\"{&quot;background_background&quot;:&quot;classic&quot;,&quot;_ha_eqh_enable&quot;:false}\">\n\t\t\t\t\t<div class=\"e-con-inner\">\n\t\t<div class=\"elementor-element elementor-element-d518b4a e-con-full e-flex wpr-particle-no wpr-jarallax-no wpr-parallax-no wpr-sticky-section-no e-con e-child\" data-id=\"d518b4a\" data-element_type=\"container\" data-e-type=\"container\" data-settings=\"{&quot;_ha_eqh_enable&quot;:false}\">\n\t\t\t\t<div class=\"elementor-element elementor-element-836169d elementor-widget elementor-widget-heading\" data-id=\"836169d\" data-element_type=\"widget\" data-e-type=\"widget\" data-widget_type=\"heading.default\">\n\t\t\t\t\t<h2 class=\"elementor-heading-title elementor-size-default\">Desbloqueie seu potencial com o programa de licenciamento da Dritto.<\/h2>\t\t\t\t<\/div>\n\t\t\t\t<\/div>\n\t\t<div class=\"elementor-element elementor-element-2184d0e e-con-full e-flex wpr-particle-no wpr-jarallax-no wpr-parallax-no wpr-sticky-section-no e-con e-child\" data-id=\"2184d0e\" data-element_type=\"container\" data-e-type=\"container\" data-settings=\"{&quot;_ha_eqh_enable&quot;:false}\">\n\t\t\t\t<div class=\"elementor-element elementor-element-1585fb0 elementor-widget elementor-widget-text-editor\" data-id=\"1585fb0\" data-element_type=\"widget\" data-e-type=\"widget\" data-widget_type=\"text-editor.default\">\n\t\t\t\t\t\t\t\t\t<p><span class=\"color_36\">Voc\u00ea \u00e9 um profissional apaixonado por cabelos e busca alavancar sua carreira? Junte-se ao prestigiado programa de licenciamento da Dritto e tenha acesso a t\u00e9cnicas exclusivas e treinamento completo. Nossa miss\u00e3o \u00e9 capacitar profissionais qualificados em todo o mundo, permitindo que eles ofere\u00e7am experi\u00eancias incompar\u00e1veis \u200b\u200bde alisamento capilar aos seus clientes. Entre no mundo da inova\u00e7\u00e3o e da excel\u00eancia com o programa de licenciamento da Dritto Salon.<\/span><\/p>\t\t\t\t\t\t\t\t<\/div>\n\t\t\t\t<\/div>\n\t\t\t\t\t<\/div>\n\t\t\t\t<\/div>\n\t\t<div class=\"elementor-element elementor-element-f585c93 elementor-hidden-mobile e-flex e-con-boxed wpr-particle-no wpr-jarallax-no wpr-parallax-no wpr-sticky-section-no e-con e-parent\" data-id=\"f585c93\" data-element_type=\"container\" data-e-type=\"container\" data-settings=\"{&quot;_ha_eqh_enable&quot;:false}\">\n\t\t\t\t\t<div class=\"e-con-inner\">\n\t\t\t\t<div class=\"elementor-element elementor-element-3ce7275 elementor-widget-mobile__width-initial elementor-widget elementor-widget-image\" data-id=\"3ce7275\" data-element_type=\"widget\" data-e-type=\"widget\" data-widget_type=\"image.default\">\n\t\t\t\t\t\t\t\t\t\t\t\t\t\t\t<img fetchpriority=\"high\" decoding=\"async\" width=\"673\" height=\"694\" src=\"https:\/\/drittosalon.com\/wp-content\/uploads\/2025\/08\/Medalhas-Dritto-03.png\" class=\"attachment-large size-large wp-image-304\" alt=\"\" srcset=\"https:\/\/drittosalon.com\/wp-content\/uploads\/2025\/08\/Medalhas-Dritto-03.png 673w, https:\/\/drittosalon.com\/wp-content\/uploads\/2025\/08\/Medalhas-Dritto-03-600x619.png 600w, https:\/\/drittosalon.com\/wp-content\/uploads\/2025\/08\/Medalhas-Dritto-03-291x300.png 291w\" sizes=\"(max-width: 673px) 100vw, 673px\" \/>\t\t\t\t\t\t\t\t\t\t\t\t\t\t\t<\/div>\n\t\t\t\t<div class=\"elementor-element elementor-element-4e20678 elementor-widget-mobile__width-initial elementor-widget elementor-widget-image\" data-id=\"4e20678\" data-element_type=\"widget\" data-e-type=\"widget\" data-widget_type=\"image.default\">\n\t\t\t\t\t\t\t\t\t\t\t\t\t\t\t<img decoding=\"async\" width=\"673\" height=\"694\" src=\"https:\/\/drittosalon.com\/wp-content\/uploads\/2025\/08\/Medalhas-Dritto-01.png\" class=\"attachment-large size-large wp-image-306\" alt=\"\" srcset=\"https:\/\/drittosalon.com\/wp-content\/uploads\/2025\/08\/Medalhas-Dritto-01.png 673w, https:\/\/drittosalon.com\/wp-content\/uploads\/2025\/08\/Medalhas-Dritto-01-600x619.png 600w, https:\/\/drittosalon.com\/wp-content\/uploads\/2025\/08\/Medalhas-Dritto-01-291x300.png 291w\" sizes=\"(max-width: 673px) 100vw, 673px\" \/>\t\t\t\t\t\t\t\t\t\t\t\t\t\t\t<\/div>\n\t\t\t\t<div class=\"elementor-element elementor-element-989b0ef elementor-widget-mobile__width-initial elementor-widget elementor-widget-image\" data-id=\"989b0ef\" data-element_type=\"widget\" data-e-type=\"widget\" data-widget_type=\"image.default\">\n\t\t\t\t\t\t\t\t\t\t\t\t\t\t\t<img decoding=\"async\" width=\"673\" height=\"694\" src=\"https:\/\/drittosalon.com\/wp-content\/uploads\/2025\/08\/Medalhas-Dritto-02.png\" class=\"attachment-large size-large wp-image-305\" alt=\"\" srcset=\"https:\/\/drittosalon.com\/wp-content\/uploads\/2025\/08\/Medalhas-Dritto-02.png 673w, https:\/\/drittosalon.com\/wp-content\/uploads\/2025\/08\/Medalhas-Dritto-02-600x619.png 600w, https:\/\/drittosalon.com\/wp-content\/uploads\/2025\/08\/Medalhas-Dritto-02-291x300.png 291w\" sizes=\"(max-width: 673px) 100vw, 673px\" \/>\t\t\t\t\t\t\t\t\t\t\t\t\t\t\t<\/div>\n\t\t\t\t\t<\/div>\n\t\t\t\t<\/div>\n\t\t<div class=\"elementor-element elementor-element-d9cba6b elementor-hidden-desktop elementor-hidden-tablet e-flex e-con-boxed wpr-particle-no wpr-jarallax-no wpr-parallax-no wpr-sticky-section-no e-con e-parent\" data-id=\"d9cba6b\" data-element_type=\"container\" data-e-type=\"container\" data-settings=\"{&quot;_ha_eqh_enable&quot;:false}\">\n\t\t\t\t\t<div class=\"e-con-inner\">\n\t\t\t\t<div class=\"elementor-element elementor-element-1d6c1f8 elementor-widget-mobile__width-initial elementor-widget elementor-widget-image\" data-id=\"1d6c1f8\" data-element_type=\"widget\" data-e-type=\"widget\" data-widget_type=\"image.default\">\n\t\t\t\t\t\t\t\t\t\t\t\t\t\t\t<img fetchpriority=\"high\" decoding=\"async\" width=\"673\" height=\"694\" src=\"https:\/\/drittosalon.com\/wp-content\/uploads\/2025\/08\/Medalhas-Dritto-03.png\" class=\"attachment-large size-large wp-image-304\" alt=\"\" srcset=\"https:\/\/drittosalon.com\/wp-content\/uploads\/2025\/08\/Medalhas-Dritto-03.png 673w, https:\/\/drittosalon.com\/wp-content\/uploads\/2025\/08\/Medalhas-Dritto-03-600x619.png 600w, https:\/\/drittosalon.com\/wp-content\/uploads\/2025\/08\/Medalhas-Dritto-03-291x300.png 291w\" sizes=\"(max-width: 673px) 100vw, 673px\" \/>\t\t\t\t\t\t\t\t\t\t\t\t\t\t\t<\/div>\n\t\t\t\t<div class=\"elementor-element elementor-element-552ac12 elementor-widget-mobile__width-initial elementor-widget elementor-widget-image\" data-id=\"552ac12\" data-element_type=\"widget\" data-e-type=\"widget\" data-widget_type=\"image.default\">\n\t\t\t\t\t\t\t\t\t\t\t\t\t\t\t<img decoding=\"async\" width=\"673\" height=\"694\" src=\"https:\/\/drittosalon.com\/wp-content\/uploads\/2025\/08\/Medalhas-Dritto-02.png\" class=\"attachment-large size-large wp-image-305\" alt=\"\" srcset=\"https:\/\/drittosalon.com\/wp-content\/uploads\/2025\/08\/Medalhas-Dritto-02.png 673w, https:\/\/drittosalon.com\/wp-content\/uploads\/2025\/08\/Medalhas-Dritto-02-600x619.png 600w, https:\/\/drittosalon.com\/wp-content\/uploads\/2025\/08\/Medalhas-Dritto-02-291x300.png 291w\" sizes=\"(max-width: 673px) 100vw, 673px\" \/>\t\t\t\t\t\t\t\t\t\t\t\t\t\t\t<\/div>\n\t\t\t\t<div class=\"elementor-element elementor-element-c13ead1 elementor-widget-mobile__width-initial elementor-widget elementor-widget-image\" data-id=\"c13ead1\" data-element_type=\"widget\" data-e-type=\"widget\" data-widget_type=\"image.default\">\n\t\t\t\t\t\t\t\t\t\t\t\t\t\t\t<img decoding=\"async\" width=\"673\" height=\"694\" src=\"https:\/\/drittosalon.com\/wp-content\/uploads\/2025\/08\/Medalhas-Dritto-01.png\" class=\"attachment-large size-large wp-image-306\" alt=\"\" srcset=\"https:\/\/drittosalon.com\/wp-content\/uploads\/2025\/08\/Medalhas-Dritto-01.png 673w, https:\/\/drittosalon.com\/wp-content\/uploads\/2025\/08\/Medalhas-Dritto-01-600x619.png 600w, https:\/\/drittosalon.com\/wp-content\/uploads\/2025\/08\/Medalhas-Dritto-01-291x300.png 291w\" sizes=\"(max-width: 673px) 100vw, 673px\" \/>\t\t\t\t\t\t\t\t\t\t\t\t\t\t\t<\/div>\n\t\t\t\t\t<\/div>\n\t\t\t\t<\/div>\n\t\t<div class=\"elementor-element elementor-element-e4a75b3 e-flex e-con-boxed wpr-particle-no wpr-jarallax-no wpr-parallax-no wpr-sticky-section-no e-con e-parent\" data-id=\"e4a75b3\" data-element_type=\"container\" data-e-type=\"container\" data-settings=\"{&quot;_ha_eqh_enable&quot;:false}\">\n\t\t\t\t\t<div class=\"e-con-inner\">\n\t\t<div class=\"elementor-element elementor-element-c0e3f10 e-con-full e-flex wpr-particle-no wpr-jarallax-no wpr-parallax-no wpr-sticky-section-no e-con e-child\" data-id=\"c0e3f10\" data-element_type=\"container\" data-e-type=\"container\" data-settings=\"{&quot;background_background&quot;:&quot;classic&quot;,&quot;_ha_eqh_enable&quot;:false}\">\n\t\t<div class=\"elementor-element elementor-element-91c2124 e-con-full e-flex wpr-particle-no wpr-jarallax-no wpr-parallax-no wpr-sticky-section-no e-con e-child\" data-id=\"91c2124\" data-element_type=\"container\" data-e-type=\"container\" data-settings=\"{&quot;_ha_eqh_enable&quot;:false}\">\n\t\t\t\t<div class=\"elementor-element elementor-element-584a3d2 elementor-widget elementor-widget-text-editor\" data-id=\"584a3d2\" data-element_type=\"widget\" data-e-type=\"widget\" data-widget_type=\"text-editor.default\">\n\t\t\t\t\t\t\t\t\t<p>PARTICIPE DA REDE<\/p>\t\t\t\t\t\t\t\t<\/div>\n\t\t\t\t<div class=\"elementor-element elementor-element-b8c6d16 elementor-widget elementor-widget-heading\" data-id=\"b8c6d16\" data-element_type=\"widget\" data-e-type=\"widget\" data-widget_type=\"heading.default\">\n\t\t\t\t\t<h2 class=\"elementor-heading-title elementor-size-default\">Repleto de vantagens<\/h2>\t\t\t\t<\/div>\n\t\t\t\t<div class=\"elementor-element elementor-element-e24146b elementor-widget elementor-widget-text-editor\" data-id=\"e24146b\" data-element_type=\"widget\" data-e-type=\"widget\" data-widget_type=\"text-editor.default\">\n\t\t\t\t\t\t\t\t\t<p>Ao se tornar parte da nossa rede de profissionais, voc\u00ea n\u00e3o s\u00f3 ter\u00e1 acesso a conte\u00fado de ponta, como tamb\u00e9m desfrutar\u00e1 de descontos exclusivos na compra de produtos Dritto DNA, na participa\u00e7\u00e3o em treinamentos e eventos. Como profissional licenciado, voc\u00ea ser\u00e1 destaque no site e nas redes sociais da Dritto. Junte-se a n\u00f3s agora para aproveitar essas oportunidades incr\u00edveis e mostrar sua expertise para um p\u00fablico mais amplo.<\/p>\t\t\t\t\t\t\t\t<\/div>\n\t\t\t\t<\/div>\n\t\t<div class=\"elementor-element elementor-element-43b9d95 e-con-full e-flex wpr-particle-no wpr-jarallax-no wpr-parallax-no wpr-sticky-section-no e-con e-child\" data-id=\"43b9d95\" data-element_type=\"container\" data-e-type=\"container\" data-settings=\"{&quot;_ha_eqh_enable&quot;:false}\">\n\t\t\t\t<div class=\"elementor-element elementor-element-2a4b84b elementor-widget elementor-widget-image\" data-id=\"2a4b84b\" data-element_type=\"widget\" data-e-type=\"widget\" data-widget_type=\"image.default\">\n\t\t\t\t\t\t\t\t\t\t\t\t\t\t\t<img loading=\"lazy\" decoding=\"async\" width=\"1349\" height=\"1350\" src=\"https:\/\/drittosalon.com\/wp-content\/uploads\/2025\/08\/Group-1171276057.png\" class=\"attachment-full size-full wp-image-308\" alt=\"\" srcset=\"https:\/\/drittosalon.com\/wp-content\/uploads\/2025\/08\/Group-1171276057.png 1349w, https:\/\/drittosalon.com\/wp-content\/uploads\/2025\/08\/Group-1171276057-300x300.png 300w, https:\/\/drittosalon.com\/wp-content\/uploads\/2025\/08\/Group-1171276057-100x100.png 100w, https:\/\/drittosalon.com\/wp-content\/uploads\/2025\/08\/Group-1171276057-600x600.png 600w, https:\/\/drittosalon.com\/wp-content\/uploads\/2025\/08\/Group-1171276057-1024x1024.png 1024w, https:\/\/drittosalon.com\/wp-content\/uploads\/2025\/08\/Group-1171276057-150x150.png 150w, https:\/\/drittosalon.com\/wp-content\/uploads\/2025\/08\/Group-1171276057-768x769.png 768w\" sizes=\"(max-width: 1349px) 100vw, 1349px\" \/>\t\t\t\t\t\t\t\t\t\t\t\t\t\t\t<\/div>\n\t\t\t\t<\/div>\n\t\t\t\t<\/div>\n\t\t\t\t\t<\/div>\n\t\t\t\t<\/div>\n\t\t<div class=\"elementor-element elementor-element-5cb8302 e-flex e-con-boxed wpr-particle-no wpr-jarallax-no wpr-parallax-no wpr-sticky-section-no e-con e-parent\" data-id=\"5cb8302\" data-element_type=\"container\" data-e-type=\"container\" data-settings=\"{&quot;background_background&quot;:&quot;classic&quot;,&quot;_ha_eqh_enable&quot;:false}\">\n\t\t\t\t\t<div class=\"e-con-inner\">\n\t\t\t\t<div class=\"elementor-element elementor-element-fbe0b25 elementor-widget elementor-widget-text-editor\" data-id=\"fbe0b25\" data-element_type=\"widget\" data-e-type=\"widget\" data-widget_type=\"text-editor.default\">\n\t\t\t\t\t\t\t\t\t<p class=\"font_8\"><strong>Sess\u00f5es mensais ao vivo com a empreendedora de sucesso Adelice Miller.<\/strong><\/p><p class=\"font_8\">Tenha acesso exclusivo a sess\u00f5es mensais ao vivo com Adelice Miller, uma empreendedora de grande sucesso e propriet\u00e1ria de um dos sal\u00f5es de beleza mais renomados de S\u00e3o Francisco. Tire suas d\u00favidas sobre diversos assuntos, desde gest\u00e3o de sal\u00e3o e execu\u00e7\u00e3o de procedimentos at\u00e9 lideran\u00e7a e muito mais.<\/p><p class=\"font_8\">\u200b<\/p><p class=\"font_8\"><strong>Cursos cientificamente validados para maximizar a efic\u00e1cia do produto.<\/strong><\/p><p class=\"font_8\">Aprenda a tirar o m\u00e1ximo proveito dos seus produtos Dritto com cursos cientificamente comprovados. Acess\u00edveis online e remotamente de qualquer lugar, descubra estrat\u00e9gias pr\u00e1ticas para aumentar sua receita e obter resultados excepcionais.<\/p><p class=\"font_8\">\u200b<\/p><p class=\"font_8\"><strong>Conecte-se e aprenda com nossa comunidade profissional.<\/strong><\/p><p class=\"font_8\">Junte-se ao nosso grupo de profissionais e tire suas d\u00favidas sempre que precisar. Conecte-se com outros especialistas e busque orienta\u00e7\u00e3o da equipe Dritto Blowout para obter conselhos e informa\u00e7\u00f5es de ponta.<\/p><p class=\"font_8\">\u200b<\/p><p class=\"font_8\"><strong>Conte\u00fado de alta qualidade para impulsionar sua presen\u00e7a nas redes sociais.<\/strong><\/p><p class=\"font_8\">Nossos membros recebem conte\u00fado de alta qualidade para impulsionar sua presen\u00e7a nas redes sociais, explicando os benef\u00edcios exclusivos dos produtos que usam em suas rotinas di\u00e1rias de beleza. Personalize as publica\u00e7\u00f5es com o logotipo do seu sal\u00e3o para obter resultados ainda melhores.<\/p><p class=\"font_8\">\u200b<\/p><p class=\"font_8\"><strong>Descontos e benef\u00edcios exclusivos para aumentar a rentabilidade.<\/strong><\/p><p class=\"font_8\">Aumente sua lucratividade com descontos exclusivos em produtos Dritto DNA. Como parte da nossa rede, aproveite vantagens exclusivas ao participar de eventos e workshops presenciais.<\/p>\t\t\t\t\t\t\t\t<\/div>\n\t\t\t\t\t<\/div>\n\t\t\t\t<\/div>\n\t\t<div class=\"elementor-element elementor-element-67689f1 e-flex e-con-boxed wpr-particle-no wpr-jarallax-no wpr-parallax-no wpr-sticky-section-no e-con e-parent\" data-id=\"67689f1\" data-element_type=\"container\" data-e-type=\"container\" data-settings=\"{&quot;background_background&quot;:&quot;classic&quot;,&quot;_ha_eqh_enable&quot;:false}\">\n\t\t\t\t\t<div class=\"e-con-inner\">\n\t\t\t\t<div class=\"elementor-element elementor-element-0bd9100 elementor-widget__width-initial elementor-widget elementor-widget-heading\" data-id=\"0bd9100\" data-element_type=\"widget\" data-e-type=\"widget\" data-widget_type=\"heading.default\">\n\t\t\t\t\t<h2 class=\"elementor-heading-title elementor-size-default\">Invista em voc\u00ea mesma.\nVoc\u00ea sempre vale a pena.<\/h2>\t\t\t\t<\/div>\n\t\t\t\t\t<\/div>\n\t\t\t\t<\/div>\n\t\t\t\t<\/div>","protected":false},"excerpt":{"rendered":"<p>Unlock Your Potential with Dritto&#8217;s Licensing Program Are you a passionate hair professional looking to elevate your career? Join Dritto&#8217;s prestigious licensing program and gain access to exclusive techniques and comprehensive training. Our mission is to empower skilled individuals worldwide, enabling them to provide unparalleled hair straightening experiences to their clients. Step into the world of innovation and excellence with Dritto Salon&#8217;s licensing program. JOIN THE NETWORK Full of Advantages By becoming part of our network of professionals, you will not only gain access to cutting-edge content but also enjoy exclusive discounts for purchasing Dritto DNA products, attending training sessions, and participating in events. As a licensed professional, you will be featured on our Dritto website and social media platforms. Join us now to unlock these exciting opportunities and showcase your expertise to a wider audience. Monthly Live Sessions with Successful Entrepreneur Adelice Miller Gain exclusive access to monthly live sessions with Adelice Miller, a highly successful entrepreneur and owner of one of San Francisco&#8217;s most renowned beauty salons. Get your questions answered on topics ranging from salon management and procedure execution to leadership and more. \u200b Scientifically Validated Courses to Maximize Product Effectiveness Learn how to make the most of your Dritto products with scientifically validated courses. Accessible online and remotely from anywhere, discover practical strategies to enhance your revenue by delivering outstanding results. \u200b Connect and Learn with Our Professional Community Join our group of professionals and get your doubts cleared whenever you desire. Connect with fellow experts and seek guidance from the Dritto Blowout team for cutting-edge advice and insights. \u200b High-Quality Content to Boost Your Social Media Presence Our members receive top-quality content to fuel their social media presence, explaining the unique benefits of the products they use in their daily beauty routines. Customize the posts with your salon&#8217;s logo for even better results. \u200b Exclusive Discounts and Benefits for Enhanced Profitability Boost your profitability with exclusive discounts on Dritto DNA products. As part of our network, enjoy unique advantages for attending in-person events and workshops. Invest in Yourself You are always worth it.<\/p>","protected":false},"author":1,"featured_media":0,"parent":0,"menu_order":0,"comment_status":"closed","ping_status":"closed","template":"elementor_canvas","meta":{"footnotes":""},"class_list":["post-302","page","type-page","status-publish","hentry"],"_links":{"self":[{"href":"https:\/\/drittosalon.com\/br\/wp-json\/wp\/v2\/pages\/302","targetHints":{"allow":["GET"]}}],"collection":[{"href":"https:\/\/drittosalon.com\/br\/wp-json\/wp\/v2\/pages"}],"about":[{"href":"https:\/\/drittosalon.com\/br\/wp-json\/wp\/v2\/types\/page"}],"author":[{"embeddable":true,"href":"https:\/\/drittosalon.com\/br\/wp-json\/wp\/v2\/users\/1"}],"replies":[{"embeddable":true,"href":"https:\/\/drittosalon.com\/br\/wp-json\/wp\/v2\/comments?post=302"}],"version-history":[{"count":13,"href":"https:\/\/drittosalon.com\/br\/wp-json\/wp\/v2\/pages\/302\/revisions"}],"predecessor-version":[{"id":383,"href":"https:\/\/drittosalon.com\/br\/wp-json\/wp\/v2\/pages\/302\/revisions\/383"}],"wp:attachment":[{"href":"https:\/\/drittosalon.com\/br\/wp-json\/wp\/v2\/media?parent=302"}],"curies":[{"name":"wp","href":"https:\/\/api.w.org\/{rel}","templated":true}]}}